{"id":25,"date":"2025-02-27T06:33:23","date_gmt":"2025-02-27T06:33:23","guid":{"rendered":"https:\/\/dangkywififpt.com\/?page_id=25"},"modified":"2025-10-08T07:39:03","modified_gmt":"2025-10-08T07:39:03","slug":"mesh-fpt","status":"publish","type":"page","link":"https:\/\/dangkywififpt.com\/index.php\/mesh-fpt\/","title":{"rendered":"MESH FPT"},"content":{"rendered":"\n<h1 class=\"wp-block-heading\">\ud83d\udd25 KHUY\u1ebeN M\u00c3I \u0110\u1eb6C BI\u1ec6T: L\u1eaeP \u0110\u1eb6T MESH WIFI FPT \u2013 PH\u1ee6 S\u00d3NG TO\u00c0N NH\u00c0, GI\u00c1 SI\u00caU H\u1edcI!<\/h1>\n\n\n\n<figure class=\"wp-block-image size-large\"><img fetchpriority=\"high\" decoding=\"async\" width=\"1024\" height=\"576\" src=\"https:\/\/dangkywififpt.com\/wp-content\/uploads\/2025\/03\/01-1024x576.jpg\" alt=\"\" class=\"wp-image-92\" srcset=\"https:\/\/dangkywififpt.com\/wp-content\/uploads\/2025\/03\/01-1024x576.jpg 1024w, https:\/\/dangkywififpt.com\/wp-content\/uploads\/2025\/03\/01-300x169.jpg 300w, https:\/\/dangkywififpt.com\/wp-content\/uploads\/2025\/03\/01-768x432.jpg 768w, https:\/\/dangkywififpt.com\/wp-content\/uploads\/2025\/03\/01-1536x864.jpg 1536w, https:\/\/dangkywififpt.com\/wp-content\/uploads\/2025\/03\/01-800x450.jpg 800w, https:\/\/dangkywififpt.com\/wp-content\/uploads\/2025\/03\/01.jpg 1920w\" sizes=\"(max-width: 1024px) 100vw, 1024px\" \/><\/figure>\n\n\n\n<p>B\u1ea1n \u0111ang g\u1eb7p v\u1ea5n \u0111\u1ec1 v\u1edbi WiFi ch\u1eadp ch\u1eddn, s\u00f3ng y\u1ebfu, m\u1ea1ng ch\u1eadm? \u0110\u1eebng lo! FPT Telecom mang \u0111\u1ebfn <strong>gi\u1ea3i ph\u00e1p WiFi Mesh<\/strong> \u0111\u1eb3ng c\u1ea5p v\u1edbi <strong>khuy\u1ebfn m\u00e3i c\u1ef1c HOT<\/strong> d\u00e0nh ri\u00eang cho kh\u00e1ch h\u00e0ng \u0111\u0103ng k\u00fd trong th\u00e1ng n\u00e0y!<\/p>\n\n\n\n<h2 class=\"wp-block-heading\">\ud83c\udf81 \u01afU \u0110\u00c3I H\u1ea4P D\u1eaaN:<\/h2>\n\n\n\n<p>\u2705 <strong>T\u1eb7ng ngay b\u1ed9 WiFi Mesh<\/strong> khi \u0111\u0103ng k\u00fd g\u00f3i c\u01b0\u1edbc Internet FPT t\u1ed1c \u0111\u1ed9 cao.<br>\u2705 <strong>Gi\u1ea3m gi\u00e1 l\u00ean \u0111\u1ebfn 50% ph\u00ed l\u1eafp \u0111\u1eb7t<\/strong> khi n\u00e2ng c\u1ea5p l\u00ean h\u1ec7 th\u1ed1ng Mesh WiFi.<br>\u2705 <strong>Mi\u1ec5n ph\u00ed kh\u1ea3o s\u00e1t &amp; t\u01b0 v\u1ea5n<\/strong> gi\u1ea3i ph\u00e1p WiFi t\u1ed1i \u01b0u cho c\u0103n h\u1ed9, nh\u00e0 ph\u1ed1, v\u0103n ph\u00f2ng.<br>\u2705 <strong>B\u1ea3o h\u00e0nh ch\u00ednh h\u00e3ng, h\u1ed7 tr\u1ee3 k\u1ef9 thu\u1eadt 24\/7<\/strong>.<\/p>\n\n\n\n<hr class=\"wp-block-separator has-alpha-channel-opacity\"\/>\n\n\n\n<h2 class=\"wp-block-heading\">\ud83d\udcb0 B\u1ea2NG GI\u00c1 G\u00d3I MESH WIFI FPT<\/h2>\n\n\n\n<figure class=\"wp-block-table\"><table class=\"has-fixed-layout\"><thead><tr><th><strong>G\u00f3i c\u01b0\u1edbc<\/strong><\/th><th><strong>T\u1ed1c \u0111\u1ed9 (Mbps)<\/strong><\/th><th><strong>Modem<\/strong> Wifi 6<\/th><th><strong>Gi\u00e1 c\u01b0\u1edbc (VN\u0110\/th\u00e1ng)<\/strong><\/th><\/tr><\/thead><tbody><tr><td>GIGA + Mesh<\/td><td>150 Mbps<\/td><td>1 Modem + 1 AP<\/td><td>260.000<\/td><\/tr><tr><td>SKY + Mesh<\/td><td>1 Gbps-150 Mbps<\/td><td>1 Modem + 1 AP<\/td><td>290.000<\/td><\/tr><tr><td>META + Mesh<\/td><td>1Gbps<\/td><td>1 Modem + 1 AP<\/td><td>480.000<\/td><\/tr><\/tbody><\/table><\/figure>\n\n\n\n<blockquote class=\"wp-block-quote is-layout-flow wp-block-quote-is-layout-flow\">\n<p>\ud83d\udccc <strong>L\u01b0u \u00fd:<\/strong> Gi\u00e1 tr\u00ean \u0111\u00e3 bao g\u1ed3m 10% VAT<\/p>\n<\/blockquote>\n\n\n\n<hr class=\"wp-block-separator has-alpha-channel-opacity\"\/>\n\n\n<div class=\"wp-block-image\">\n<figure class=\"aligncenter size-full is-resized\"><img decoding=\"async\" width=\"594\" height=\"527\" src=\"https:\/\/dangkywififpt.com\/wp-content\/uploads\/2025\/03\/cac-goi-cuoc-wifi-mesh-FPT-cho-ca-nhan-gia-dinh.jpg\" alt=\"\" class=\"wp-image-93\" style=\"width:594px;height:auto\" srcset=\"https:\/\/dangkywififpt.com\/wp-content\/uploads\/2025\/03\/cac-goi-cuoc-wifi-mesh-FPT-cho-ca-nhan-gia-dinh.jpg 594w, https:\/\/dangkywififpt.com\/wp-content\/uploads\/2025\/03\/cac-goi-cuoc-wifi-mesh-FPT-cho-ca-nhan-gia-dinh-300x266.jpg 300w\" sizes=\"(max-width: 594px) 100vw, 594px\" \/><\/figure>\n<\/div>\n\n\n<h2 class=\"wp-block-heading\">\ud83d\udccc T\u1ea0I SAO N\u00caN CH\u1eccN MESH WIFI FPT?<\/h2>\n\n\n\n<p>\u2714\ufe0f <strong>Ph\u1ee7 s\u00f3ng to\u00e0n b\u1ed9 kh\u00f4ng gian<\/strong>, kh\u00f4ng c\u00f2n g\u00f3c ch\u1ebft WiFi.<br>\u2714\ufe0f <strong>T\u1ed1c \u0111\u1ed9 m\u1ea1ng \u1ed5n \u0111\u1ecbnh<\/strong>, kh\u00f4ng b\u1ecb gi\u1eadt lag khi s\u1eed d\u1ee5ng nhi\u1ec1u thi\u1ebft b\u1ecb.<br>\u2714\ufe0f <strong>K\u1ebft n\u1ed1i li\u1ec1n m\u1ea1ch<\/strong>, di chuy\u1ec3n trong nh\u00e0 kh\u00f4ng lo r\u1edbt m\u1ea1ng.<br>\u2714\ufe0f <strong>C\u00e0i \u0111\u1eb7t d\u1ec5 d\u00e0ng<\/strong>, qu\u1ea3n l\u00fd t\u1eeb xa qua \u1ee9ng d\u1ee5ng ti\u1ec7n l\u1ee3i.<\/p>\n\n\n\n<p>\ud83d\udcde <strong>\u0110\u0102NG K\u00dd NGAY H\u00d4M NAY<\/strong> \u0111\u1ec3 kh\u00f4ng b\u1ecf l\u1ee1 \u01b0u \u0111\u00e3i h\u1ea5p d\u1eabn!<br>\ud83d\udc49 G\u1ecdi ngay <strong>0937247420<\/strong> ho\u1eb7c nh\u1eafn tin Zalo \u0111\u1ec3 \u0111\u01b0\u1ee3c t\u01b0 v\u1ea5n mi\u1ec5n ph\u00ed!<\/p>\n\n\n","protected":false},"excerpt":{"rendered":"<p>\ud83d\udd25 KHUY\u1ebeN M\u00c3I \u0110\u1eb6C BI\u1ec6T: L\u1eaeP \u0110\u1eb6T MESH WIFI FPT \u2013 PH\u1ee6 S\u00d3NG TO\u00c0N NH\u00c0, GI\u00c1 SI\u00caU H\u1edcI! B\u1ea1n \u0111ang g\u1eb7p v\u1ea5n \u0111\u1ec1 v\u1edbi WiFi ch\u1eadp ch\u1eddn, s\u00f3ng y\u1ebfu, m\u1ea1ng<\/p>\n","protected":false},"author":1,"featured_media":93,"parent":0,"menu_order":0,"comment_status":"closed","ping_status":"closed","template":"","meta":{"footnotes":"[]"},"class_list":{"0":"post-25","1":"page","2":"type-page","3":"status-publish","5":"hentry"},"yoast_head":"<!-- This site is optimized with the Yoast SEO plugin v26.1.1 - https:\/\/yoast.com\/wordpress\/plugins\/seo\/ -->\n<title>MESH FPT - FPT Telecom<\/title>\n<meta name=\"robots\" content=\"index, follow, max-snippet:-1, max-image-preview:large, max-video-preview:-1\" \/>\n<link rel=\"canonical\" href=\"https:\/\/dangkywififpt.com\/index.php\/mesh-fpt\/\" \/>\n<meta property=\"og:locale\" content=\"vi_VN\" \/>\n<meta property=\"og:type\" content=\"article\" \/>\n<meta property=\"og:title\" content=\"MESH FPT - FPT Telecom\" \/>\n<meta property=\"og:description\" content=\"\ud83d\udd25 KHUY\u1ebeN M\u00c3I \u0110\u1eb6C BI\u1ec6T: L\u1eaeP \u0110\u1eb6T MESH WIFI FPT \u2013 PH\u1ee6 S\u00d3NG TO\u00c0N NH\u00c0, GI\u00c1 SI\u00caU H\u1edcI! B\u1ea1n \u0111ang g\u1eb7p v\u1ea5n \u0111\u1ec1 v\u1edbi WiFi ch\u1eadp ch\u1eddn, s\u00f3ng y\u1ebfu, m\u1ea1ng\" \/>\n<meta property=\"og:url\" content=\"https:\/\/dangkywififpt.com\/index.php\/mesh-fpt\/\" \/>\n<meta property=\"og:site_name\" content=\"FPT Telecom\" \/>\n<meta property=\"article:modified_time\" content=\"2025-10-08T07:39:03+00:00\" \/>\n<meta property=\"og:image\" content=\"https:\/\/dangkywififpt.com\/wp-content\/uploads\/2025\/03\/cac-goi-cuoc-wifi-mesh-FPT-cho-ca-nhan-gia-dinh.jpg\" \/>\n\t<meta property=\"og:image:width\" content=\"594\" \/>\n\t<meta property=\"og:image:height\" content=\"527\" \/>\n\t<meta property=\"og:image:type\" content=\"image\/jpeg\" \/>\n<meta name=\"twitter:card\" content=\"summary_large_image\" \/>\n<meta name=\"twitter:label1\" content=\"\u01af\u1edbc t\u00ednh th\u1eddi gian \u0111\u1ecdc\" \/>\n\t<meta name=\"twitter:data1\" content=\"2 ph\u00fat\" \/>\n<script type=\"application\/ld+json\" class=\"yoast-schema-graph\">{\"@context\":\"https:\/\/schema.org\",\"@graph\":[{\"@type\":\"WebPage\",\"@id\":\"https:\/\/dangkywififpt.com\/index.php\/mesh-fpt\/\",\"url\":\"https:\/\/dangkywififpt.com\/index.php\/mesh-fpt\/\",\"name\":\"MESH FPT - FPT Telecom\",\"isPartOf\":{\"@id\":\"https:\/\/dangkywififpt.com\/#website\"},\"primaryImageOfPage\":{\"@id\":\"https:\/\/dangkywififpt.com\/index.php\/mesh-fpt\/#primaryimage\"},\"image\":{\"@id\":\"https:\/\/dangkywififpt.com\/index.php\/mesh-fpt\/#primaryimage\"},\"thumbnailUrl\":\"https:\/\/dangkywififpt.com\/wp-content\/uploads\/2025\/03\/cac-goi-cuoc-wifi-mesh-FPT-cho-ca-nhan-gia-dinh.jpg\",\"datePublished\":\"2025-02-27T06:33:23+00:00\",\"dateModified\":\"2025-10-08T07:39:03+00:00\",\"breadcrumb\":{\"@id\":\"https:\/\/dangkywififpt.com\/index.php\/mesh-fpt\/#breadcrumb\"},\"inLanguage\":\"vi\",\"potentialAction\":[{\"@type\":\"ReadAction\",\"target\":[\"https:\/\/dangkywififpt.com\/index.php\/mesh-fpt\/\"]}]},{\"@type\":\"ImageObject\",\"inLanguage\":\"vi\",\"@id\":\"https:\/\/dangkywififpt.com\/index.php\/mesh-fpt\/#primaryimage\",\"url\":\"https:\/\/dangkywififpt.com\/wp-content\/uploads\/2025\/03\/cac-goi-cuoc-wifi-mesh-FPT-cho-ca-nhan-gia-dinh.jpg\",\"contentUrl\":\"https:\/\/dangkywififpt.com\/wp-content\/uploads\/2025\/03\/cac-goi-cuoc-wifi-mesh-FPT-cho-ca-nhan-gia-dinh.jpg\",\"width\":594,\"height\":527,\"caption\":\"c\u00e1c g\u00f3i c\u01b0\u1edbc wifi mesh FPT cho c\u00e1 nh\u00e2n gia \u0111\u00ecnh\"},{\"@type\":\"BreadcrumbList\",\"@id\":\"https:\/\/dangkywififpt.com\/index.php\/mesh-fpt\/#breadcrumb\",\"itemListElement\":[{\"@type\":\"ListItem\",\"position\":1,\"name\":\"Trang ch\u1ee7\",\"item\":\"https:\/\/dangkywififpt.com\/\"},{\"@type\":\"ListItem\",\"position\":2,\"name\":\"MESH FPT\"}]},{\"@type\":\"WebSite\",\"@id\":\"https:\/\/dangkywififpt.com\/#website\",\"url\":\"https:\/\/dangkywififpt.com\/\",\"name\":\"FPT Telecom\",\"description\":\"L\u1eafp \u0111\u1eb7t Internet, truy\u1ec1n h\u00ecnh v\u00e0 Camera FPT\",\"publisher\":{\"@id\":\"https:\/\/dangkywififpt.com\/#organization\"},\"potentialAction\":[{\"@type\":\"SearchAction\",\"target\":{\"@type\":\"EntryPoint\",\"urlTemplate\":\"https:\/\/dangkywififpt.com\/?s={search_term_string}\"},\"query-input\":{\"@type\":\"PropertyValueSpecification\",\"valueRequired\":true,\"valueName\":\"search_term_string\"}}],\"inLanguage\":\"vi\"},{\"@type\":\"Organization\",\"@id\":\"https:\/\/dangkywififpt.com\/#organization\",\"name\":\"FPT Telecom\",\"url\":\"https:\/\/dangkywififpt.com\/\",\"logo\":{\"@type\":\"ImageObject\",\"inLanguage\":\"vi\",\"@id\":\"https:\/\/dangkywififpt.com\/#\/schema\/logo\/image\/\",\"url\":\"https:\/\/dangkywififpt.com\/wp-content\/uploads\/2025\/02\/cropped-cropped-cropped-logo-fpt-polytechnic-telecom-dep_043151328-1.png\",\"contentUrl\":\"https:\/\/dangkywififpt.com\/wp-content\/uploads\/2025\/02\/cropped-cropped-cropped-logo-fpt-polytechnic-telecom-dep_043151328-1.png\",\"width\":359,\"height\":107,\"caption\":\"FPT Telecom\"},\"image\":{\"@id\":\"https:\/\/dangkywififpt.com\/#\/schema\/logo\/image\/\"}}]}<\/script>\n<!-- \/ Yoast SEO plugin. -->","yoast_head_json":{"title":"MESH FPT - FPT Telecom","robots":{"index":"index","follow":"follow","max-snippet":"max-snippet:-1","max-image-preview":"max-image-preview:large","max-video-preview":"max-video-preview:-1"},"canonical":"https:\/\/dangkywififpt.com\/index.php\/mesh-fpt\/","og_locale":"vi_VN","og_type":"article","og_title":"MESH FPT - FPT Telecom","og_description":"\ud83d\udd25 KHUY\u1ebeN M\u00c3I \u0110\u1eb6C BI\u1ec6T: L\u1eaeP \u0110\u1eb6T MESH WIFI FPT \u2013 PH\u1ee6 S\u00d3NG TO\u00c0N NH\u00c0, GI\u00c1 SI\u00caU H\u1edcI! B\u1ea1n \u0111ang g\u1eb7p v\u1ea5n \u0111\u1ec1 v\u1edbi WiFi ch\u1eadp ch\u1eddn, s\u00f3ng y\u1ebfu, m\u1ea1ng","og_url":"https:\/\/dangkywififpt.com\/index.php\/mesh-fpt\/","og_site_name":"FPT Telecom","article_modified_time":"2025-10-08T07:39:03+00:00","og_image":[{"width":594,"height":527,"url":"https:\/\/dangkywififpt.com\/wp-content\/uploads\/2025\/03\/cac-goi-cuoc-wifi-mesh-FPT-cho-ca-nhan-gia-dinh.jpg","type":"image\/jpeg"}],"twitter_card":"summary_large_image","twitter_misc":{"\u01af\u1edbc t\u00ednh th\u1eddi gian \u0111\u1ecdc":"2 ph\u00fat"},"schema":{"@context":"https:\/\/schema.org","@graph":[{"@type":"WebPage","@id":"https:\/\/dangkywififpt.com\/index.php\/mesh-fpt\/","url":"https:\/\/dangkywififpt.com\/index.php\/mesh-fpt\/","name":"MESH FPT - FPT Telecom","isPartOf":{"@id":"https:\/\/dangkywififpt.com\/#website"},"primaryImageOfPage":{"@id":"https:\/\/dangkywififpt.com\/index.php\/mesh-fpt\/#primaryimage"},"image":{"@id":"https:\/\/dangkywififpt.com\/index.php\/mesh-fpt\/#primaryimage"},"thumbnailUrl":"https:\/\/dangkywififpt.com\/wp-content\/uploads\/2025\/03\/cac-goi-cuoc-wifi-mesh-FPT-cho-ca-nhan-gia-dinh.jpg","datePublished":"2025-02-27T06:33:23+00:00","dateModified":"2025-10-08T07:39:03+00:00","breadcrumb":{"@id":"https:\/\/dangkywififpt.com\/index.php\/mesh-fpt\/#breadcrumb"},"inLanguage":"vi","potentialAction":[{"@type":"ReadAction","target":["https:\/\/dangkywififpt.com\/index.php\/mesh-fpt\/"]}]},{"@type":"ImageObject","inLanguage":"vi","@id":"https:\/\/dangkywififpt.com\/index.php\/mesh-fpt\/#primaryimage","url":"https:\/\/dangkywififpt.com\/wp-content\/uploads\/2025\/03\/cac-goi-cuoc-wifi-mesh-FPT-cho-ca-nhan-gia-dinh.jpg","contentUrl":"https:\/\/dangkywififpt.com\/wp-content\/uploads\/2025\/03\/cac-goi-cuoc-wifi-mesh-FPT-cho-ca-nhan-gia-dinh.jpg","width":594,"height":527,"caption":"c\u00e1c g\u00f3i c\u01b0\u1edbc wifi mesh FPT cho c\u00e1 nh\u00e2n gia \u0111\u00ecnh"},{"@type":"BreadcrumbList","@id":"https:\/\/dangkywififpt.com\/index.php\/mesh-fpt\/#breadcrumb","itemListElement":[{"@type":"ListItem","position":1,"name":"Trang ch\u1ee7","item":"https:\/\/dangkywififpt.com\/"},{"@type":"ListItem","position":2,"name":"MESH FPT"}]},{"@type":"WebSite","@id":"https:\/\/dangkywififpt.com\/#website","url":"https:\/\/dangkywififpt.com\/","name":"FPT Telecom","description":"L\u1eafp \u0111\u1eb7t Internet, truy\u1ec1n h\u00ecnh v\u00e0 Camera FPT","publisher":{"@id":"https:\/\/dangkywififpt.com\/#organization"},"potentialAction":[{"@type":"SearchAction","target":{"@type":"EntryPoint","urlTemplate":"https:\/\/dangkywififpt.com\/?s={search_term_string}"},"query-input":{"@type":"PropertyValueSpecification","valueRequired":true,"valueName":"search_term_string"}}],"inLanguage":"vi"},{"@type":"Organization","@id":"https:\/\/dangkywififpt.com\/#organization","name":"FPT Telecom","url":"https:\/\/dangkywififpt.com\/","logo":{"@type":"ImageObject","inLanguage":"vi","@id":"https:\/\/dangkywififpt.com\/#\/schema\/logo\/image\/","url":"https:\/\/dangkywififpt.com\/wp-content\/uploads\/2025\/02\/cropped-cropped-cropped-logo-fpt-polytechnic-telecom-dep_043151328-1.png","contentUrl":"https:\/\/dangkywififpt.com\/wp-content\/uploads\/2025\/02\/cropped-cropped-cropped-logo-fpt-polytechnic-telecom-dep_043151328-1.png","width":359,"height":107,"caption":"FPT Telecom"},"image":{"@id":"https:\/\/dangkywififpt.com\/#\/schema\/logo\/image\/"}}]}},"_links":{"self":[{"href":"https:\/\/dangkywififpt.com\/index.php\/wp-json\/wp\/v2\/pages\/25","targetHints":{"allow":["GET"]}}],"collection":[{"href":"https:\/\/dangkywififpt.com\/index.php\/wp-json\/wp\/v2\/pages"}],"about":[{"href":"https:\/\/dangkywififpt.com\/index.php\/wp-json\/wp\/v2\/types\/page"}],"author":[{"embeddable":true,"href":"https:\/\/dangkywififpt.com\/index.php\/wp-json\/wp\/v2\/users\/1"}],"replies":[{"embeddable":true,"href":"https:\/\/dangkywififpt.com\/index.php\/wp-json\/wp\/v2\/comments?post=25"}],"version-history":[{"count":3,"href":"https:\/\/dangkywififpt.com\/index.php\/wp-json\/wp\/v2\/pages\/25\/revisions"}],"predecessor-version":[{"id":216,"href":"https:\/\/dangkywififpt.com\/index.php\/wp-json\/wp\/v2\/pages\/25\/revisions\/216"}],"wp:featuredmedia":[{"embeddable":true,"href":"https:\/\/dangkywififpt.com\/index.php\/wp-json\/wp\/v2\/media\/93"}],"wp:attachment":[{"href":"https:\/\/dangkywififpt.com\/index.php\/wp-json\/wp\/v2\/media?parent=25"}],"curies":[{"name":"wp","href":"https:\/\/api.w.org\/{rel}","templated":true}]}}