{"id":27,"date":"2025-02-27T06:33:52","date_gmt":"2025-02-27T06:33:52","guid":{"rendered":"https:\/\/dangkywififpt.com\/?page_id=27"},"modified":"2025-10-08T07:37:52","modified_gmt":"2025-10-08T07:37:52","slug":"internet-doanh-nghiep","status":"publish","type":"page","link":"https:\/\/dangkywififpt.com\/index.php\/internet-doanh-nghiep\/","title":{"rendered":"INTERNET DOANH NGHI\u1ec6P"},"content":{"rendered":"\n<h2 class=\"wp-block-heading\"><strong>\ud83d\udd25 KHUY\u1ebeN M\u00c3I \u0110\u1eb6C BI\u1ec6T &#8211; INTERNET FPT CHO DOANH NGHI\u1ec6P \ud83d\udd25<\/strong><\/h2>\n\n\n<div class=\"wp-block-image\">\n<figure class=\"aligncenter size-large\"><img fetchpriority=\"high\" decoding=\"async\" width=\"1024\" height=\"512\" src=\"https:\/\/dangkywififpt.com\/wp-content\/uploads\/2025\/03\/internet-doanh-nghiep-fpt-1024x512.png\" alt=\"\" class=\"wp-image-125\" srcset=\"https:\/\/dangkywififpt.com\/wp-content\/uploads\/2025\/03\/internet-doanh-nghiep-fpt-1024x512.png 1024w, https:\/\/dangkywififpt.com\/wp-content\/uploads\/2025\/03\/internet-doanh-nghiep-fpt-300x150.png 300w, https:\/\/dangkywififpt.com\/wp-content\/uploads\/2025\/03\/internet-doanh-nghiep-fpt-768x384.png 768w, https:\/\/dangkywififpt.com\/wp-content\/uploads\/2025\/03\/internet-doanh-nghiep-fpt-1536x768.png 1536w, https:\/\/dangkywififpt.com\/wp-content\/uploads\/2025\/03\/internet-doanh-nghiep-fpt-2048x1024.png 2048w\" sizes=\"(max-width: 1024px) 100vw, 1024px\" \/><\/figure>\n<\/div>\n\n\n<p>\ud83c\udfaf <strong>T\u0103ng t\u1ed1c kinh doanh \u2013 K\u1ebft n\u1ed1i b\u1ee9t ph\u00e1!<\/strong><\/p>\n\n\n\n<p>\ud83d\udcbc B\u1ea1n \u0111ang t\u00ecm ki\u1ebfm <strong>gi\u1ea3i ph\u00e1p Internet t\u1ed1c \u0111\u1ed9 cao, \u1ed5n \u0111\u1ecbnh<\/strong> cho doanh nghi\u1ec7p? \u0110\u1eebng b\u1ecf l\u1ee1 \u01b0u \u0111\u00e3i h\u1ea5p d\u1eabn t\u1eeb <strong>FPT<\/strong>!<\/p>\n\n\n\n<p>\ud83d\ude80 <strong>\u01afU \u0110\u00c3I \u0110\u1eb6C BI\u1ec6T D\u00c0NH CHO DOANH NGHI\u1ec6P<\/strong> \ud83d\ude80<br>\u2705 <strong>Gi\u1ea3m ngay 30%<\/strong> ph\u00ed h\u00f2a m\u1ea1ng<br>\u2705 <strong>T\u1eb7ng th\u00eam b\u0103ng th\u00f4ng mi\u1ec5n ph\u00ed<\/strong> trong 6 th\u00e1ng<br>\u2705 <strong>Mi\u1ec5n ph\u00ed l\u1eafp \u0111\u1eb7t &amp; trang b\u1ecb modem WiFi th\u1ebf h\u1ec7 m\u1edbi<\/strong><br>\u2705 <strong>H\u1ed7 tr\u1ee3 k\u1ef9 thu\u1eadt 24\/7<\/strong>, cam k\u1ebft t\u1ed1c \u0111\u1ed9 v\u00e0 \u1ed5n \u0111\u1ecbnh<\/p>\n\n\n\n<h3 class=\"wp-block-heading\">\ud83d\udccc <strong>B\u1ea3ng gi\u00e1 g\u00f3i c\u01b0\u1edbc Internet FPT Doanh Nghi\u1ec7p<\/strong><\/h3>\n\n\n\n<figure class=\"wp-block-table\"><table class=\"has-fixed-layout\"><thead><tr><th>G\u00f3i c\u01b0\u1edbc<\/th><th>T\u1ed1c \u0111\u1ed9<\/th><th>Gi\u00e1 khuy\u1ebfn m\u00e3i (VN\u0110\/th\u00e1ng)<\/th><\/tr><\/thead><tbody><tr><td>SUPER 250<\/td><td>250 Mbps<\/td><td>545.000<\/td><\/tr><tr><td>SUPER 400<\/td><td>400 Mbps<\/td><td>1.400.000<\/td><\/tr><tr><td>SUPER 500<\/td><td>500 Mbps<\/td><td>2.500.000<\/td><\/tr><\/tbody><\/table><\/figure>\n\n\n\n<p>\ud83d\udd25 <strong>\u0110\u1eb7c bi\u1ec7t: \u0110\u0103ng k\u00fd ngay trong th\u00e1ng \u0111\u1ec3 nh\u1eadn th\u00eam qu\u00e0 t\u1eb7ng h\u1ea5p d\u1eabn!<\/strong> \ud83d\udd25<\/p>\n\n\n\n<p>\ud83d\udcde <strong>Li\u00ean h\u1ec7 ngay:<\/strong> <strong>0937.247.420<\/strong><\/p>\n\n\n\n<p><\/p>\n","protected":false},"excerpt":{"rendered":"<p>\ud83d\udd25 KHUY\u1ebeN M\u00c3I \u0110\u1eb6C BI\u1ec6T &#8211; INTERNET FPT CHO DOANH NGHI\u1ec6P \ud83d\udd25 \ud83c\udfaf T\u0103ng t\u1ed1c kinh doanh \u2013 K\u1ebft n\u1ed1i b\u1ee9t ph\u00e1! \ud83d\udcbc B\u1ea1n \u0111ang t\u00ecm ki\u1ebfm gi\u1ea3i ph\u00e1p Internet<\/p>\n","protected":false},"author":1,"featured_media":0,"parent":0,"menu_order":0,"comment_status":"closed","ping_status":"closed","template":"","meta":{"footnotes":""},"class_list":{"1":"page","2":"type-page","3":"status-publish","4":"hentry"},"yoast_head":"<!-- This site is optimized with the Yoast SEO plugin v26.1.1 - https:\/\/yoast.com\/wordpress\/plugins\/seo\/ -->\n<title>INTERNET DOANH NGHI\u1ec6P - FPT Telecom<\/title>\n<meta name=\"robots\" content=\"index, follow, max-snippet:-1, max-image-preview:large, max-video-preview:-1\" \/>\n<link rel=\"canonical\" href=\"https:\/\/dangkywififpt.com\/index.php\/internet-doanh-nghiep\/\" \/>\n<meta property=\"og:locale\" content=\"vi_VN\" \/>\n<meta property=\"og:type\" content=\"article\" \/>\n<meta property=\"og:title\" content=\"INTERNET DOANH NGHI\u1ec6P - FPT Telecom\" \/>\n<meta property=\"og:description\" content=\"\ud83d\udd25 KHUY\u1ebeN M\u00c3I \u0110\u1eb6C BI\u1ec6T &#8211; INTERNET FPT CHO DOANH NGHI\u1ec6P \ud83d\udd25 \ud83c\udfaf T\u0103ng t\u1ed1c kinh doanh \u2013 K\u1ebft n\u1ed1i b\u1ee9t ph\u00e1! \ud83d\udcbc B\u1ea1n \u0111ang t\u00ecm ki\u1ebfm gi\u1ea3i ph\u00e1p Internet\" \/>\n<meta property=\"og:url\" content=\"https:\/\/dangkywififpt.com\/index.php\/internet-doanh-nghiep\/\" \/>\n<meta property=\"og:site_name\" content=\"FPT Telecom\" \/>\n<meta property=\"article:modified_time\" content=\"2025-10-08T07:37:52+00:00\" \/>\n<meta property=\"og:image\" content=\"https:\/\/dangkywififpt.com\/wp-content\/uploads\/2025\/03\/internet-doanh-nghiep-fpt.png\" \/>\n\t<meta property=\"og:image:width\" content=\"2560\" \/>\n\t<meta property=\"og:image:height\" content=\"1280\" \/>\n\t<meta property=\"og:image:type\" content=\"image\/png\" \/>\n<meta name=\"twitter:card\" content=\"summary_large_image\" \/>\n<meta name=\"twitter:label1\" content=\"\u01af\u1edbc t\u00ednh th\u1eddi gian \u0111\u1ecdc\" \/>\n\t<meta name=\"twitter:data1\" content=\"1 ph\u00fat\" \/>\n<script type=\"application\/ld+json\" class=\"yoast-schema-graph\">{\"@context\":\"https:\/\/schema.org\",\"@graph\":[{\"@type\":\"WebPage\",\"@id\":\"https:\/\/dangkywififpt.com\/index.php\/internet-doanh-nghiep\/\",\"url\":\"https:\/\/dangkywififpt.com\/index.php\/internet-doanh-nghiep\/\",\"name\":\"INTERNET DOANH NGHI\u1ec6P - FPT Telecom\",\"isPartOf\":{\"@id\":\"https:\/\/dangkywififpt.com\/#website\"},\"primaryImageOfPage\":{\"@id\":\"https:\/\/dangkywififpt.com\/index.php\/internet-doanh-nghiep\/#primaryimage\"},\"image\":{\"@id\":\"https:\/\/dangkywififpt.com\/index.php\/internet-doanh-nghiep\/#primaryimage\"},\"thumbnailUrl\":\"https:\/\/dangkywififpt.com\/wp-content\/uploads\/2025\/03\/internet-doanh-nghiep-fpt-1024x512.png\",\"datePublished\":\"2025-02-27T06:33:52+00:00\",\"dateModified\":\"2025-10-08T07:37:52+00:00\",\"breadcrumb\":{\"@id\":\"https:\/\/dangkywififpt.com\/index.php\/internet-doanh-nghiep\/#breadcrumb\"},\"inLanguage\":\"vi\",\"potentialAction\":[{\"@type\":\"ReadAction\",\"target\":[\"https:\/\/dangkywififpt.com\/index.php\/internet-doanh-nghiep\/\"]}]},{\"@type\":\"ImageObject\",\"inLanguage\":\"vi\",\"@id\":\"https:\/\/dangkywififpt.com\/index.php\/internet-doanh-nghiep\/#primaryimage\",\"url\":\"https:\/\/dangkywififpt.com\/wp-content\/uploads\/2025\/03\/internet-doanh-nghiep-fpt.png\",\"contentUrl\":\"https:\/\/dangkywififpt.com\/wp-content\/uploads\/2025\/03\/internet-doanh-nghiep-fpt.png\",\"width\":2560,\"height\":1280},{\"@type\":\"BreadcrumbList\",\"@id\":\"https:\/\/dangkywififpt.com\/index.php\/internet-doanh-nghiep\/#breadcrumb\",\"itemListElement\":[{\"@type\":\"ListItem\",\"position\":1,\"name\":\"Trang ch\u1ee7\",\"item\":\"https:\/\/dangkywififpt.com\/\"},{\"@type\":\"ListItem\",\"position\":2,\"name\":\"INTERNET DOANH NGHI\u1ec6P\"}]},{\"@type\":\"WebSite\",\"@id\":\"https:\/\/dangkywififpt.com\/#website\",\"url\":\"https:\/\/dangkywififpt.com\/\",\"name\":\"FPT Telecom\",\"description\":\"L\u1eafp \u0111\u1eb7t Internet, truy\u1ec1n h\u00ecnh v\u00e0 Camera FPT\",\"publisher\":{\"@id\":\"https:\/\/dangkywififpt.com\/#organization\"},\"potentialAction\":[{\"@type\":\"SearchAction\",\"target\":{\"@type\":\"EntryPoint\",\"urlTemplate\":\"https:\/\/dangkywififpt.com\/?s={search_term_string}\"},\"query-input\":{\"@type\":\"PropertyValueSpecification\",\"valueRequired\":true,\"valueName\":\"search_term_string\"}}],\"inLanguage\":\"vi\"},{\"@type\":\"Organization\",\"@id\":\"https:\/\/dangkywififpt.com\/#organization\",\"name\":\"FPT Telecom\",\"url\":\"https:\/\/dangkywififpt.com\/\",\"logo\":{\"@type\":\"ImageObject\",\"inLanguage\":\"vi\",\"@id\":\"https:\/\/dangkywififpt.com\/#\/schema\/logo\/image\/\",\"url\":\"https:\/\/dangkywififpt.com\/wp-content\/uploads\/2025\/02\/cropped-cropped-cropped-logo-fpt-polytechnic-telecom-dep_043151328-1.png\",\"contentUrl\":\"https:\/\/dangkywififpt.com\/wp-content\/uploads\/2025\/02\/cropped-cropped-cropped-logo-fpt-polytechnic-telecom-dep_043151328-1.png\",\"width\":359,\"height\":107,\"caption\":\"FPT Telecom\"},\"image\":{\"@id\":\"https:\/\/dangkywififpt.com\/#\/schema\/logo\/image\/\"}}]}<\/script>\n<!-- \/ Yoast SEO plugin. -->","yoast_head_json":{"title":"INTERNET DOANH NGHI\u1ec6P - FPT Telecom","robots":{"index":"index","follow":"follow","max-snippet":"max-snippet:-1","max-image-preview":"max-image-preview:large","max-video-preview":"max-video-preview:-1"},"canonical":"https:\/\/dangkywififpt.com\/index.php\/internet-doanh-nghiep\/","og_locale":"vi_VN","og_type":"article","og_title":"INTERNET DOANH NGHI\u1ec6P - FPT Telecom","og_description":"\ud83d\udd25 KHUY\u1ebeN M\u00c3I \u0110\u1eb6C BI\u1ec6T &#8211; INTERNET FPT CHO DOANH NGHI\u1ec6P \ud83d\udd25 \ud83c\udfaf T\u0103ng t\u1ed1c kinh doanh \u2013 K\u1ebft n\u1ed1i b\u1ee9t ph\u00e1! \ud83d\udcbc B\u1ea1n \u0111ang t\u00ecm ki\u1ebfm gi\u1ea3i ph\u00e1p Internet","og_url":"https:\/\/dangkywififpt.com\/index.php\/internet-doanh-nghiep\/","og_site_name":"FPT Telecom","article_modified_time":"2025-10-08T07:37:52+00:00","og_image":[{"width":2560,"height":1280,"url":"https:\/\/dangkywififpt.com\/wp-content\/uploads\/2025\/03\/internet-doanh-nghiep-fpt.png","type":"image\/png"}],"twitter_card":"summary_large_image","twitter_misc":{"\u01af\u1edbc t\u00ednh th\u1eddi gian \u0111\u1ecdc":"1 ph\u00fat"},"schema":{"@context":"https:\/\/schema.org","@graph":[{"@type":"WebPage","@id":"https:\/\/dangkywififpt.com\/index.php\/internet-doanh-nghiep\/","url":"https:\/\/dangkywififpt.com\/index.php\/internet-doanh-nghiep\/","name":"INTERNET DOANH NGHI\u1ec6P - FPT Telecom","isPartOf":{"@id":"https:\/\/dangkywififpt.com\/#website"},"primaryImageOfPage":{"@id":"https:\/\/dangkywififpt.com\/index.php\/internet-doanh-nghiep\/#primaryimage"},"image":{"@id":"https:\/\/dangkywififpt.com\/index.php\/internet-doanh-nghiep\/#primaryimage"},"thumbnailUrl":"https:\/\/dangkywififpt.com\/wp-content\/uploads\/2025\/03\/internet-doanh-nghiep-fpt-1024x512.png","datePublished":"2025-02-27T06:33:52+00:00","dateModified":"2025-10-08T07:37:52+00:00","breadcrumb":{"@id":"https:\/\/dangkywififpt.com\/index.php\/internet-doanh-nghiep\/#breadcrumb"},"inLanguage":"vi","potentialAction":[{"@type":"ReadAction","target":["https:\/\/dangkywififpt.com\/index.php\/internet-doanh-nghiep\/"]}]},{"@type":"ImageObject","inLanguage":"vi","@id":"https:\/\/dangkywififpt.com\/index.php\/internet-doanh-nghiep\/#primaryimage","url":"https:\/\/dangkywififpt.com\/wp-content\/uploads\/2025\/03\/internet-doanh-nghiep-fpt.png","contentUrl":"https:\/\/dangkywififpt.com\/wp-content\/uploads\/2025\/03\/internet-doanh-nghiep-fpt.png","width":2560,"height":1280},{"@type":"BreadcrumbList","@id":"https:\/\/dangkywififpt.com\/index.php\/internet-doanh-nghiep\/#breadcrumb","itemListElement":[{"@type":"ListItem","position":1,"name":"Trang ch\u1ee7","item":"https:\/\/dangkywififpt.com\/"},{"@type":"ListItem","position":2,"name":"INTERNET DOANH NGHI\u1ec6P"}]},{"@type":"WebSite","@id":"https:\/\/dangkywififpt.com\/#website","url":"https:\/\/dangkywififpt.com\/","name":"FPT Telecom","description":"L\u1eafp \u0111\u1eb7t Internet, truy\u1ec1n h\u00ecnh v\u00e0 Camera FPT","publisher":{"@id":"https:\/\/dangkywififpt.com\/#organization"},"potentialAction":[{"@type":"SearchAction","target":{"@type":"EntryPoint","urlTemplate":"https:\/\/dangkywififpt.com\/?s={search_term_string}"},"query-input":{"@type":"PropertyValueSpecification","valueRequired":true,"valueName":"search_term_string"}}],"inLanguage":"vi"},{"@type":"Organization","@id":"https:\/\/dangkywififpt.com\/#organization","name":"FPT Telecom","url":"https:\/\/dangkywififpt.com\/","logo":{"@type":"ImageObject","inLanguage":"vi","@id":"https:\/\/dangkywififpt.com\/#\/schema\/logo\/image\/","url":"https:\/\/dangkywififpt.com\/wp-content\/uploads\/2025\/02\/cropped-cropped-cropped-logo-fpt-polytechnic-telecom-dep_043151328-1.png","contentUrl":"https:\/\/dangkywififpt.com\/wp-content\/uploads\/2025\/02\/cropped-cropped-cropped-logo-fpt-polytechnic-telecom-dep_043151328-1.png","width":359,"height":107,"caption":"FPT Telecom"},"image":{"@id":"https:\/\/dangkywififpt.com\/#\/schema\/logo\/image\/"}}]}},"_links":{"self":[{"href":"https:\/\/dangkywififpt.com\/index.php\/wp-json\/wp\/v2\/pages\/27","targetHints":{"allow":["GET"]}}],"collection":[{"href":"https:\/\/dangkywififpt.com\/index.php\/wp-json\/wp\/v2\/pages"}],"about":[{"href":"https:\/\/dangkywififpt.com\/index.php\/wp-json\/wp\/v2\/types\/page"}],"author":[{"embeddable":true,"href":"https:\/\/dangkywififpt.com\/index.php\/wp-json\/wp\/v2\/users\/1"}],"replies":[{"embeddable":true,"href":"https:\/\/dangkywififpt.com\/index.php\/wp-json\/wp\/v2\/comments?post=27"}],"version-history":[{"count":3,"href":"https:\/\/dangkywififpt.com\/index.php\/wp-json\/wp\/v2\/pages\/27\/revisions"}],"predecessor-version":[{"id":214,"href":"https:\/\/dangkywififpt.com\/index.php\/wp-json\/wp\/v2\/pages\/27\/revisions\/214"}],"wp:attachment":[{"href":"https:\/\/dangkywififpt.com\/index.php\/wp-json\/wp\/v2\/media?parent=27"}],"curies":[{"name":"wp","href":"https:\/\/api.w.org\/{rel}","templated":true}]}}